{"id":10,"date":"2019-08-08T11:52:37","date_gmt":"2019-08-08T11:52:37","guid":{"rendered":"http:\/\/urologe-in-rosenheim.de\/?page_id=10"},"modified":"2021-02-18T11:56:26","modified_gmt":"2021-02-18T11:56:26","slug":"home","status":"publish","type":"page","link":"http:\/\/urologe-in-rosenheim.de\/","title":{"rendered":"Home"},"content":{"rendered":"\r\n<p><strong>Herzlich willkommen\u00a0in unserer Facharztpraxis f\u00fcr Urologie in der Stollstra\u00dfe 6\/ III in Rosenheim!<\/strong><\/p>\r\n\r\n\r\n\r\n<figure class=\"wp-block-image\"><img loading=\"lazy\" decoding=\"async\" width=\"1024\" height=\"657\" class=\"wp-image-15\" src=\"http:\/\/urologe-in-rosenheim.de\/wp-content\/uploads\/praxis-dr-moebs-004-1024x657.jpg\" alt=\"\" srcset=\"http:\/\/urologe-in-rosenheim.de\/wp-content\/uploads\/praxis-dr-moebs-004-1024x657.jpg 1024w, http:\/\/urologe-in-rosenheim.de\/wp-content\/uploads\/praxis-dr-moebs-004-300x193.jpg 300w, http:\/\/urologe-in-rosenheim.de\/wp-content\/uploads\/praxis-dr-moebs-004-768x493.jpg 768w, http:\/\/urologe-in-rosenheim.de\/wp-content\/uploads\/praxis-dr-moebs-004.jpg 1200w\" sizes=\"(max-width: 767px) 89vw, (max-width: 1000px) 54vw, (max-width: 1071px) 543px, 580px\" \/><\/figure>\r\n\r\n\r\n\r\n<p>Liebe Patienten,<\/p>\r\n\r\n\r\n\r\n<p>in unserer urologischen Praxis bieten wir Ihnen eine umfangreiche Vorsorge und Pr\u00e4ventions-Medizin sowie die gesamte urologische Diagnostik und Therapie in angenehmer und stressfreier Atmosph\u00e4re an.<\/p>\r\n\r\n\r\n\r\n<p>Mit unserer langj\u00e4hrigen Erfahrung f\u00fchren wir alle Behandlungen mit den modernsten Verfahren durch, immer basierend auf den national und international g\u00fcltigen und erprobten Standards. Erg\u00e4nzend k\u00f6nnen erforderliche Zusatz-Untersuchungen durchgef\u00fchrt werden und\u00a0 \u00c4rzte weiterer Fachbereiche in eine ganzheitliche Betreuung mit einbezogen werden.<\/p>\r\n\r\n\r\n\r\n<p>Aus Gr\u00fcnden des Datenschutzes Ihrer pers\u00f6nlichen Unterlagen bieten wir ganz bewu\u00dft keinen E-mail-Kontakt an, wir bitten um Ihr Verst\u00e4ndnis.<\/p>\r\n\r\n\r\n\r\n<p>Bitte setzen Sie sich telefonisch oder per Fax 08031\/ 38 19 22 mit uns in Verbindung.<\/p>\r\n\r\n\r\n\r\n<p>Wir danken f\u00fcr Ihr Vertrauen!<\/p>\r\n\r\n\r\n\r\n<p>Ihr Praxis-Team<\/p>\r\n<p><strong>\u00d6ffnungszeiten:<\/strong><br \/>Mo 7:30 &#8211; 12:00 und 14:00 &#8211; 16:00 Uhr<br \/>Di 7:30 &#8211; 12:00 Uhr<br \/>Mi 7:30 &#8211; 12:00 und 15:00 &#8211; 18:00 Uhr<br \/>Do 7:30 &#8211; 12:00 Uhr<br \/>Fr 7:30 &#8211; 12:00 Uhr<\/p>\r\n\r\n\r\n","protected":false},"excerpt":{"rendered":"<p>Herzlich willkommen\u00a0in unserer Facharztpraxis f\u00fcr Urologie in der Stollstra\u00dfe 6\/ III in Rosenheim! Liebe Patienten, in unserer urologischen Praxis bieten wir Ihnen eine umfangreiche Vorsorge und Pr\u00e4ventions-Medizin sowie die gesamte urologische Diagnostik und Therapie in angenehmer und stressfreier Atmosph\u00e4re an. Mit unserer langj\u00e4hrigen Erfahrung f\u00fchren wir alle Behandlungen mit den modernsten Verfahren durch, immer basierend &hellip; <\/p>\n<p class=\"link-more\"><a href=\"http:\/\/urologe-in-rosenheim.de\/\" class=\"more-link\"><span class=\"screen-reader-text\">\u201eHome\u201c<\/span> weiterlesen<\/a><\/p>\n","protected":false},"author":1,"featured_media":0,"parent":0,"menu_order":0,"comment_status":"closed","ping_status":"closed","template":"","meta":{"footnotes":""},"_links":{"self":[{"href":"http:\/\/urologe-in-rosenheim.de\/index.php?rest_route=\/wp\/v2\/pages\/10"}],"collection":[{"href":"http:\/\/urologe-in-rosenheim.de\/index.php?rest_route=\/wp\/v2\/pages"}],"about":[{"href":"http:\/\/urologe-in-rosenheim.de\/index.php?rest_route=\/wp\/v2\/types\/page"}],"author":[{"embeddable":true,"href":"http:\/\/urologe-in-rosenheim.de\/index.php?rest_route=\/wp\/v2\/users\/1"}],"replies":[{"embeddable":true,"href":"http:\/\/urologe-in-rosenheim.de\/index.php?rest_route=%2Fwp%2Fv2%2Fcomments&post=10"}],"version-history":[{"count":5,"href":"http:\/\/urologe-in-rosenheim.de\/index.php?rest_route=\/wp\/v2\/pages\/10\/revisions"}],"predecessor-version":[{"id":92,"href":"http:\/\/urologe-in-rosenheim.de\/index.php?rest_route=\/wp\/v2\/pages\/10\/revisions\/92"}],"wp:attachment":[{"href":"http:\/\/urologe-in-rosenheim.de\/index.php?rest_route=%2Fwp%2Fv2%2Fmedia&parent=10"}],"curies":[{"name":"wp","href":"https:\/\/api.w.org\/{rel}","templated":true}]}}