{"id":42,"date":"2019-08-08T12:26:02","date_gmt":"2019-08-08T12:26:02","guid":{"rendered":"http:\/\/urologe-in-rosenheim.de\/?page_id=42"},"modified":"2019-08-08T12:26:02","modified_gmt":"2019-08-08T12:26:02","slug":"erkrankungen-der-prostatat","status":"publish","type":"page","link":"http:\/\/urologe-in-rosenheim.de\/?page_id=42","title":{"rendered":"Erkrankungen der Prostatat"},"content":{"rendered":"\n<p>Bei M\u00e4nnern tritt im zunehmenden Alter oftmals eine Vergr\u00f6\u00dferung der Prostata (= Vorsteherdr\u00fcse) auf, dies kann den Harnstrahl verschlechtern, Harndrangsymptomatik und geh\u00e4uftes n\u00e4chtliches Aufsuchen der Toilette hervorrufen.<\/p>\n\n\n\n<p>Zun\u00e4chst sollte eine andere Erkrankung der Prostata ausgeschlossen werden (Entz\u00fcndung\/ B\u00f6sartigkeit) um die geeignete Therapieform einzuleiten.<\/p>\n\n\n\n<p>Dies kann zum Beispiel phytotherapeutisch oder auch anderweitig medikament\u00f6s erfolgen.<\/p>\n\n\n\n<p>Sollte eine operative Intervention n\u00f6tig sein, so stehen minimal invasive Verfahren sowie transurethrale Therapien zur Verf\u00fcgung.<\/p>\n","protected":false},"excerpt":{"rendered":"<p>Bei M\u00e4nnern tritt im zunehmenden Alter oftmals eine Vergr\u00f6\u00dferung der Prostata (= Vorsteherdr\u00fcse) auf, dies kann den Harnstrahl verschlechtern, Harndrangsymptomatik und geh\u00e4uftes n\u00e4chtliches Aufsuchen der Toilette hervorrufen. Zun\u00e4chst sollte eine andere Erkrankung der Prostata ausgeschlossen werden (Entz\u00fcndung\/ B\u00f6sartigkeit) um die geeignete Therapieform einzuleiten. Dies kann zum Beispiel phytotherapeutisch oder auch anderweitig medikament\u00f6s erfolgen. Sollte eine &hellip; <\/p>\n<p class=\"link-more\"><a href=\"http:\/\/urologe-in-rosenheim.de\/?page_id=42\" class=\"more-link\"><span class=\"screen-reader-text\">\u201eErkrankungen der Prostatat\u201c<\/span> weiterlesen<\/a><\/p>\n","protected":false},"author":1,"featured_media":0,"parent":0,"menu_order":0,"comment_status":"closed","ping_status":"closed","template":"","meta":{"footnotes":""},"_links":{"self":[{"href":"http:\/\/urologe-in-rosenheim.de\/index.php?rest_route=\/wp\/v2\/pages\/42"}],"collection":[{"href":"http:\/\/urologe-in-rosenheim.de\/index.php?rest_route=\/wp\/v2\/pages"}],"about":[{"href":"http:\/\/urologe-in-rosenheim.de\/index.php?rest_route=\/wp\/v2\/types\/page"}],"author":[{"embeddable":true,"href":"http:\/\/urologe-in-rosenheim.de\/index.php?rest_route=\/wp\/v2\/users\/1"}],"replies":[{"embeddable":true,"href":"http:\/\/urologe-in-rosenheim.de\/index.php?rest_route=%2Fwp%2Fv2%2Fcomments&post=42"}],"version-history":[{"count":1,"href":"http:\/\/urologe-in-rosenheim.de\/index.php?rest_route=\/wp\/v2\/pages\/42\/revisions"}],"predecessor-version":[{"id":43,"href":"http:\/\/urologe-in-rosenheim.de\/index.php?rest_route=\/wp\/v2\/pages\/42\/revisions\/43"}],"wp:attachment":[{"href":"http:\/\/urologe-in-rosenheim.de\/index.php?rest_route=%2Fwp%2Fv2%2Fmedia&parent=42"}],"curies":[{"name":"wp","href":"https:\/\/api.w.org\/{rel}","templated":true}]}}