{"id":46,"date":"2019-08-08T12:27:05","date_gmt":"2019-08-08T12:27:05","guid":{"rendered":"http:\/\/urologe-in-rosenheim.de\/?page_id=46"},"modified":"2019-08-08T12:27:17","modified_gmt":"2019-08-08T12:27:17","slug":"harninkontinenz-reizblase","status":"publish","type":"page","link":"http:\/\/urologe-in-rosenheim.de\/?page_id=46","title":{"rendered":"Harninkontinenz \/ Reizblase"},"content":{"rendered":"\n<p>Vermehrter Harndrang, unwillk\u00fcrlicher\/ unkontrollierter Urinverlust, Senkblase und Schlie\u00dfmuskelschw\u00e4che sind Anzeichen gest\u00f6rter Speicherf\u00e4higkeit und Kontinenz der Harnblase.<\/p>\n\n\n\n<p>Beckenbodentraining, Biofeedback, Elektrostimulation sowie medikament\u00f6se Therapiem\u00f6glichkeiten stehen zur Verf\u00fcgung. Bei Erfordernis einer Operation werden minimal invasive Methoden, z. B. tension free vagianal tape (TVT), bevorzugt.<\/p>\n","protected":false},"excerpt":{"rendered":"<p>Vermehrter Harndrang, unwillk\u00fcrlicher\/ unkontrollierter Urinverlust, Senkblase und Schlie\u00dfmuskelschw\u00e4che sind Anzeichen gest\u00f6rter Speicherf\u00e4higkeit und Kontinenz der Harnblase. Beckenbodentraining, Biofeedback, Elektrostimulation sowie medikament\u00f6se Therapiem\u00f6glichkeiten stehen zur Verf\u00fcgung. Bei Erfordernis einer Operation werden minimal invasive Methoden, z. B. tension free vagianal tape (TVT), bevorzugt.<\/p>\n","protected":false},"author":1,"featured_media":0,"parent":0,"menu_order":0,"comment_status":"closed","ping_status":"closed","template":"","meta":{"footnotes":""},"_links":{"self":[{"href":"http:\/\/urologe-in-rosenheim.de\/index.php?rest_route=\/wp\/v2\/pages\/46"}],"collection":[{"href":"http:\/\/urologe-in-rosenheim.de\/index.php?rest_route=\/wp\/v2\/pages"}],"about":[{"href":"http:\/\/urologe-in-rosenheim.de\/index.php?rest_route=\/wp\/v2\/types\/page"}],"author":[{"embeddable":true,"href":"http:\/\/urologe-in-rosenheim.de\/index.php?rest_route=\/wp\/v2\/users\/1"}],"replies":[{"embeddable":true,"href":"http:\/\/urologe-in-rosenheim.de\/index.php?rest_route=%2Fwp%2Fv2%2Fcomments&post=46"}],"version-history":[{"count":2,"href":"http:\/\/urologe-in-rosenheim.de\/index.php?rest_route=\/wp\/v2\/pages\/46\/revisions"}],"predecessor-version":[{"id":48,"href":"http:\/\/urologe-in-rosenheim.de\/index.php?rest_route=\/wp\/v2\/pages\/46\/revisions\/48"}],"wp:attachment":[{"href":"http:\/\/urologe-in-rosenheim.de\/index.php?rest_route=%2Fwp%2Fv2%2Fmedia&parent=46"}],"curies":[{"name":"wp","href":"https:\/\/api.w.org\/{rel}","templated":true}]}}