{"id":51,"date":"2019-08-08T12:28:03","date_gmt":"2019-08-08T12:28:03","guid":{"rendered":"http:\/\/urologe-in-rosenheim.de\/?page_id=51"},"modified":"2019-08-08T12:28:03","modified_gmt":"2019-08-08T12:28:03","slug":"kinderwunsch","status":"publish","type":"page","link":"http:\/\/urologe-in-rosenheim.de\/?page_id=51","title":{"rendered":"Kinderwunsch"},"content":{"rendered":"\n<p>Die Diagnostik und Therapie bei unerf\u00fclltem Kinderwunsch wird immer mehr zu einem Schwerpunkt in der Urologie. Je nach Art der Ursache wird interdisziplin\u00e4r in Zusammenarbeit mit spezialisierten Gyn\u00e4kologen die Behandlung entsprechend modernster Kriterien der Fortpflanzungsmedizin (Insemination, in vitro Fertilisation, intracytoplasmatische Spermien-Injektion) eingeleitet.&nbsp;<\/p>\n\n\n\n<p>Die Spermien k\u00f6nnen auch aus Hoden und\/ oder Nebenhoden direkt entnommen und aufbereitet werden.<\/p>\n","protected":false},"excerpt":{"rendered":"<p>Die Diagnostik und Therapie bei unerf\u00fclltem Kinderwunsch wird immer mehr zu einem Schwerpunkt in der Urologie. Je nach Art der Ursache wird interdisziplin\u00e4r in Zusammenarbeit mit spezialisierten Gyn\u00e4kologen die Behandlung entsprechend modernster Kriterien der Fortpflanzungsmedizin (Insemination, in vitro Fertilisation, intracytoplasmatische Spermien-Injektion) eingeleitet.&nbsp; Die Spermien k\u00f6nnen auch aus Hoden und\/ oder Nebenhoden direkt entnommen und aufbereitet &hellip; <\/p>\n<p class=\"link-more\"><a href=\"http:\/\/urologe-in-rosenheim.de\/?page_id=51\" class=\"more-link\"><span class=\"screen-reader-text\">\u201eKinderwunsch\u201c<\/span> weiterlesen<\/a><\/p>\n","protected":false},"author":1,"featured_media":0,"parent":0,"menu_order":0,"comment_status":"closed","ping_status":"closed","template":"","meta":{"footnotes":""},"_links":{"self":[{"href":"http:\/\/urologe-in-rosenheim.de\/index.php?rest_route=\/wp\/v2\/pages\/51"}],"collection":[{"href":"http:\/\/urologe-in-rosenheim.de\/index.php?rest_route=\/wp\/v2\/pages"}],"about":[{"href":"http:\/\/urologe-in-rosenheim.de\/index.php?rest_route=\/wp\/v2\/types\/page"}],"author":[{"embeddable":true,"href":"http:\/\/urologe-in-rosenheim.de\/index.php?rest_route=\/wp\/v2\/users\/1"}],"replies":[{"embeddable":true,"href":"http:\/\/urologe-in-rosenheim.de\/index.php?rest_route=%2Fwp%2Fv2%2Fcomments&post=51"}],"version-history":[{"count":1,"href":"http:\/\/urologe-in-rosenheim.de\/index.php?rest_route=\/wp\/v2\/pages\/51\/revisions"}],"predecessor-version":[{"id":52,"href":"http:\/\/urologe-in-rosenheim.de\/index.php?rest_route=\/wp\/v2\/pages\/51\/revisions\/52"}],"wp:attachment":[{"href":"http:\/\/urologe-in-rosenheim.de\/index.php?rest_route=%2Fwp%2Fv2%2Fmedia&parent=51"}],"curies":[{"name":"wp","href":"https:\/\/api.w.org\/{rel}","templated":true}]}}