{"id":55,"date":"2019-08-08T12:29:02","date_gmt":"2019-08-08T12:29:02","guid":{"rendered":"http:\/\/urologe-in-rosenheim.de\/?page_id=55"},"modified":"2019-08-08T12:29:02","modified_gmt":"2019-08-08T12:29:02","slug":"androgendefizit","status":"publish","type":"page","link":"http:\/\/urologe-in-rosenheim.de\/?page_id=55","title":{"rendered":"Androgendefizit"},"content":{"rendered":"\n<p>M\u00e4nner k\u00f6nnen mit zunehmenden Lebensjahren ebenfalls von hormonellen Ver\u00e4nderungen, insbesondere Hormonmangel betroffen sein. Die Symptome beginnen schleichend und sind oft nicht eindeutig.<\/p>\n\n\n\n<p>Ein Hormonmangel kann sich z. B. als M\u00fcdigkeit, reduzierter Leistungsf\u00e4higkeit, Abgeschlagenheit, Antriebslosigkeit, verminderter sexueller Aktivit\u00e4t, vermehrter Neigung zum Schwitzen manifestieren.<\/p>\n\n\n\n<p>Einen Hormonmangel auszuschlie\u00dfen, kann helfen das allgemeine Wohlbefinden wieder zu erlangen und Sp\u00e4tfolgen wie beispielsweise Osteoporose zu verhindern.<\/p>\n","protected":false},"excerpt":{"rendered":"<p>M\u00e4nner k\u00f6nnen mit zunehmenden Lebensjahren ebenfalls von hormonellen Ver\u00e4nderungen, insbesondere Hormonmangel betroffen sein. Die Symptome beginnen schleichend und sind oft nicht eindeutig. Ein Hormonmangel kann sich z. B. als M\u00fcdigkeit, reduzierter Leistungsf\u00e4higkeit, Abgeschlagenheit, Antriebslosigkeit, verminderter sexueller Aktivit\u00e4t, vermehrter Neigung zum Schwitzen manifestieren. Einen Hormonmangel auszuschlie\u00dfen, kann helfen das allgemeine Wohlbefinden wieder zu erlangen und Sp\u00e4tfolgen &hellip; <\/p>\n<p class=\"link-more\"><a href=\"http:\/\/urologe-in-rosenheim.de\/?page_id=55\" class=\"more-link\"><span class=\"screen-reader-text\">\u201eAndrogendefizit\u201c<\/span> weiterlesen<\/a><\/p>\n","protected":false},"author":1,"featured_media":0,"parent":0,"menu_order":0,"comment_status":"closed","ping_status":"closed","template":"","meta":{"footnotes":""},"_links":{"self":[{"href":"http:\/\/urologe-in-rosenheim.de\/index.php?rest_route=\/wp\/v2\/pages\/55"}],"collection":[{"href":"http:\/\/urologe-in-rosenheim.de\/index.php?rest_route=\/wp\/v2\/pages"}],"about":[{"href":"http:\/\/urologe-in-rosenheim.de\/index.php?rest_route=\/wp\/v2\/types\/page"}],"author":[{"embeddable":true,"href":"http:\/\/urologe-in-rosenheim.de\/index.php?rest_route=\/wp\/v2\/users\/1"}],"replies":[{"embeddable":true,"href":"http:\/\/urologe-in-rosenheim.de\/index.php?rest_route=%2Fwp%2Fv2%2Fcomments&post=55"}],"version-history":[{"count":1,"href":"http:\/\/urologe-in-rosenheim.de\/index.php?rest_route=\/wp\/v2\/pages\/55\/revisions"}],"predecessor-version":[{"id":56,"href":"http:\/\/urologe-in-rosenheim.de\/index.php?rest_route=\/wp\/v2\/pages\/55\/revisions\/56"}],"wp:attachment":[{"href":"http:\/\/urologe-in-rosenheim.de\/index.php?rest_route=%2Fwp%2Fv2%2Fmedia&parent=55"}],"curies":[{"name":"wp","href":"https:\/\/api.w.org\/{rel}","templated":true}]}}