{"id":59,"date":"2019-08-08T12:29:44","date_gmt":"2019-08-08T12:29:44","guid":{"rendered":"http:\/\/urologe-in-rosenheim.de\/?page_id=59"},"modified":"2019-08-08T12:29:44","modified_gmt":"2019-08-08T12:29:44","slug":"operationen","status":"publish","type":"page","link":"http:\/\/urologe-in-rosenheim.de\/?page_id=59","title":{"rendered":"Operationen"},"content":{"rendered":"\n<p>Der Aufenthalt im Krankenhaus sollte selbstverst\u00e4ndlich immer so kurz wie m\u00f6glich und nur so lange wie n\u00f6tig sein. Durch die enge Zusammenarbeit mit den betreuenden Haus\u00e4rzten kann die pr\u00e4operative Vorbereitung erfolgen.<\/p>\n","protected":false},"excerpt":{"rendered":"<p>Der Aufenthalt im Krankenhaus sollte selbstverst\u00e4ndlich immer so kurz wie m\u00f6glich und nur so lange wie n\u00f6tig sein. Durch die enge Zusammenarbeit mit den betreuenden Haus\u00e4rzten kann die pr\u00e4operative Vorbereitung erfolgen.<\/p>\n","protected":false},"author":1,"featured_media":0,"parent":0,"menu_order":0,"comment_status":"closed","ping_status":"closed","template":"","meta":{"footnotes":""},"_links":{"self":[{"href":"http:\/\/urologe-in-rosenheim.de\/index.php?rest_route=\/wp\/v2\/pages\/59"}],"collection":[{"href":"http:\/\/urologe-in-rosenheim.de\/index.php?rest_route=\/wp\/v2\/pages"}],"about":[{"href":"http:\/\/urologe-in-rosenheim.de\/index.php?rest_route=\/wp\/v2\/types\/page"}],"author":[{"embeddable":true,"href":"http:\/\/urologe-in-rosenheim.de\/index.php?rest_route=\/wp\/v2\/users\/1"}],"replies":[{"embeddable":true,"href":"http:\/\/urologe-in-rosenheim.de\/index.php?rest_route=%2Fwp%2Fv2%2Fcomments&post=59"}],"version-history":[{"count":1,"href":"http:\/\/urologe-in-rosenheim.de\/index.php?rest_route=\/wp\/v2\/pages\/59\/revisions"}],"predecessor-version":[{"id":60,"href":"http:\/\/urologe-in-rosenheim.de\/index.php?rest_route=\/wp\/v2\/pages\/59\/revisions\/60"}],"wp:attachment":[{"href":"http:\/\/urologe-in-rosenheim.de\/index.php?rest_route=%2Fwp%2Fv2%2Fmedia&parent=59"}],"curies":[{"name":"wp","href":"https:\/\/api.w.org\/{rel}","templated":true}]}}