{"id":63,"date":"2019-08-08T12:30:24","date_gmt":"2019-08-08T12:30:24","guid":{"rendered":"http:\/\/urologe-in-rosenheim.de\/?page_id=63"},"modified":"2019-08-08T12:30:24","modified_gmt":"2019-08-08T12:30:24","slug":"roentgen","status":"publish","type":"page","link":"http:\/\/urologe-in-rosenheim.de\/?page_id=63","title":{"rendered":"R\u00f6ntgen"},"content":{"rendered":"\n<p>Falls mittels Ultraschall und anderen Untersuchungsverfahren keine ausreichenden Ergebnisse erzielt werden k\u00f6nnen, kann R\u00f6ntgen zus\u00e4tzlich erfolgen.<\/p>\n","protected":false},"excerpt":{"rendered":"<p>Falls mittels Ultraschall und anderen Untersuchungsverfahren keine ausreichenden Ergebnisse erzielt werden k\u00f6nnen, kann R\u00f6ntgen zus\u00e4tzlich erfolgen.<\/p>\n","protected":false},"author":1,"featured_media":0,"parent":0,"menu_order":0,"comment_status":"closed","ping_status":"closed","template":"","meta":{"footnotes":""},"_links":{"self":[{"href":"http:\/\/urologe-in-rosenheim.de\/index.php?rest_route=\/wp\/v2\/pages\/63"}],"collection":[{"href":"http:\/\/urologe-in-rosenheim.de\/index.php?rest_route=\/wp\/v2\/pages"}],"about":[{"href":"http:\/\/urologe-in-rosenheim.de\/index.php?rest_route=\/wp\/v2\/types\/page"}],"author":[{"embeddable":true,"href":"http:\/\/urologe-in-rosenheim.de\/index.php?rest_route=\/wp\/v2\/users\/1"}],"replies":[{"embeddable":true,"href":"http:\/\/urologe-in-rosenheim.de\/index.php?rest_route=%2Fwp%2Fv2%2Fcomments&post=63"}],"version-history":[{"count":1,"href":"http:\/\/urologe-in-rosenheim.de\/index.php?rest_route=\/wp\/v2\/pages\/63\/revisions"}],"predecessor-version":[{"id":64,"href":"http:\/\/urologe-in-rosenheim.de\/index.php?rest_route=\/wp\/v2\/pages\/63\/revisions\/64"}],"wp:attachment":[{"href":"http:\/\/urologe-in-rosenheim.de\/index.php?rest_route=%2Fwp%2Fv2%2Fmedia&parent=63"}],"curies":[{"name":"wp","href":"https:\/\/api.w.org\/{rel}","templated":true}]}}