{"id":65,"date":"2019-08-08T12:33:24","date_gmt":"2019-08-08T12:33:24","guid":{"rendered":"http:\/\/urologe-in-rosenheim.de\/?page_id=65"},"modified":"2019-08-08T12:33:24","modified_gmt":"2019-08-08T12:33:24","slug":"links","status":"publish","type":"page","link":"http:\/\/urologe-in-rosenheim.de\/?page_id=65","title":{"rendered":"Links"},"content":{"rendered":"\n<p>n\u00fctzliche Links<\/p>\n\n\n\n<ul><li>Brachytherapie bei Prostata-Krebs<br><a href=\"http:\/\/www.prostatakrebs-brachytherapie.de\">www.prostatakrebs-brachytherapie.de<\/a><\/li><li>Urologie-Zentrum M\u00fcnchen (UCM)<br><a href=\"http:\/\/www.urologie-centrum.de\">www.urologie-centrum.de<\/a><\/li><li>Urologische Klinik M\u00fcnchen-Planegg<br><a href=\"http:\/\/www.ukmp.de\">www.ukmp.de<\/a><\/li><li>Tumor-Zentrum M\u00fcnchen (TZM)<br><a href=\"http:\/\/www.tumorzentrum.muenchen.de\">www.tumorzentrum.muenchen.de<\/a><\/li><li>Urologen-Portal<br><a href=\"http:\/\/www.urologenportal.de\">www.urologenportal.de<\/a><\/li><li>Bayrische Landes\u00e4rztekammer<br><a href=\"http:\/\/www.blaek.de\">www.blaek.de<\/a><\/li><li>Krebshilfe<br><a href=\"http:\/\/www.krebshilfe.de\">www.krebshilfe.de<\/a><\/li><li>\u00c4rztliches Zentrum f\u00fcr Qualit\u00e4t in der Medizin<br><a href=\"http:\/\/www.iquo.de\">www.iquo.de<\/a> in Berlin<\/li><li>Anaest-Kompetenz-Zentrum f\u00fcr Anaesthesiologie<br><a href=\"http:\/\/www.anaest.de\" target=\"_blank\" rel=\"noreferrer noopener\" aria-label=\"www.anaest.de (\u00f6ffnet in neuem Tab)\">www.anaest.de<\/a><\/li><\/ul>\n\n\n\n<p><\/p>\n","protected":false},"excerpt":{"rendered":"<p>n\u00fctzliche Links Brachytherapie bei Prostata-Krebswww.prostatakrebs-brachytherapie.de Urologie-Zentrum M\u00fcnchen (UCM)www.urologie-centrum.de Urologische Klinik M\u00fcnchen-Planeggwww.ukmp.de Tumor-Zentrum M\u00fcnchen (TZM)www.tumorzentrum.muenchen.de Urologen-Portalwww.urologenportal.de Bayrische Landes\u00e4rztekammerwww.blaek.de Krebshilfewww.krebshilfe.de \u00c4rztliches Zentrum f\u00fcr Qualit\u00e4t in der Medizinwww.iquo.de in Berlin Anaest-Kompetenz-Zentrum f\u00fcr Anaesthesiologiewww.anaest.de<\/p>\n","protected":false},"author":1,"featured_media":0,"parent":0,"menu_order":0,"comment_status":"closed","ping_status":"closed","template":"","meta":{"footnotes":""},"_links":{"self":[{"href":"http:\/\/urologe-in-rosenheim.de\/index.php?rest_route=\/wp\/v2\/pages\/65"}],"collection":[{"href":"http:\/\/urologe-in-rosenheim.de\/index.php?rest_route=\/wp\/v2\/pages"}],"about":[{"href":"http:\/\/urologe-in-rosenheim.de\/index.php?rest_route=\/wp\/v2\/types\/page"}],"author":[{"embeddable":true,"href":"http:\/\/urologe-in-rosenheim.de\/index.php?rest_route=\/wp\/v2\/users\/1"}],"replies":[{"embeddable":true,"href":"http:\/\/urologe-in-rosenheim.de\/index.php?rest_route=%2Fwp%2Fv2%2Fcomments&post=65"}],"version-history":[{"count":1,"href":"http:\/\/urologe-in-rosenheim.de\/index.php?rest_route=\/wp\/v2\/pages\/65\/revisions"}],"predecessor-version":[{"id":66,"href":"http:\/\/urologe-in-rosenheim.de\/index.php?rest_route=\/wp\/v2\/pages\/65\/revisions\/66"}],"wp:attachment":[{"href":"http:\/\/urologe-in-rosenheim.de\/index.php?rest_route=%2Fwp%2Fv2%2Fmedia&parent=65"}],"curies":[{"name":"wp","href":"https:\/\/api.w.org\/{rel}","templated":true}]}}