{"id":53,"date":"2019-08-08T12:28:25","date_gmt":"2019-08-08T12:28:25","guid":{"rendered":"http:\/\/urologe-in-rosenheim.de\/?page_id=53"},"modified":"2019-08-08T12:28:25","modified_gmt":"2019-08-08T12:28:25","slug":"sexualitaet","status":"publish","type":"page","link":"https:\/\/urologe-in-rosenheim.de\/?page_id=53","title":{"rendered":"Sexualit\u00e4t"},"content":{"rendered":"\n<p>Durch verschiedenste Einfl\u00fcsse der Umwelt, Ern\u00e4hrung, Alterung, begleitende Erkrankungen und hormonelle Ver\u00e4nderungen treten Erektionsst\u00f6rungen auf. Dies kann bis zum vollst\u00e4ndigen Verlust der Gliedversteifung reichen.&nbsp;<\/p>\n\n\n\n<p>Die Kl\u00e4rung der Ursachen mittels passender Diagnostik ist richtungsweisend f\u00fcr die entsprechende Therapieform. Individuelle Beratung findet in einer speziellen Sprechstunde statt.<\/p>\n","protected":false},"excerpt":{"rendered":"<p>Durch verschiedenste Einfl\u00fcsse der Umwelt, Ern\u00e4hrung, Alterung, begleitende Erkrankungen und hormonelle Ver\u00e4nderungen treten Erektionsst\u00f6rungen auf. Dies kann bis zum vollst\u00e4ndigen Verlust der Gliedversteifung reichen.&nbsp; Die Kl\u00e4rung der Ursachen mittels passender Diagnostik ist richtungsweisend f\u00fcr die entsprechende Therapieform. Individuelle Beratung findet in einer speziellen Sprechstunde statt.<\/p>\n","protected":false},"author":1,"featured_media":0,"parent":0,"menu_order":0,"comment_status":"closed","ping_status":"closed","template":"","meta":{"footnotes":""},"_links":{"self":[{"href":"https:\/\/urologe-in-rosenheim.de\/index.php?rest_route=\/wp\/v2\/pages\/53"}],"collection":[{"href":"https:\/\/urologe-in-rosenheim.de\/index.php?rest_route=\/wp\/v2\/pages"}],"about":[{"href":"https:\/\/urologe-in-rosenheim.de\/index.php?rest_route=\/wp\/v2\/types\/page"}],"author":[{"embeddable":true,"href":"https:\/\/urologe-in-rosenheim.de\/index.php?rest_route=\/wp\/v2\/users\/1"}],"replies":[{"embeddable":true,"href":"https:\/\/urologe-in-rosenheim.de\/index.php?rest_route=%2Fwp%2Fv2%2Fcomments&post=53"}],"version-history":[{"count":1,"href":"https:\/\/urologe-in-rosenheim.de\/index.php?rest_route=\/wp\/v2\/pages\/53\/revisions"}],"predecessor-version":[{"id":54,"href":"https:\/\/urologe-in-rosenheim.de\/index.php?rest_route=\/wp\/v2\/pages\/53\/revisions\/54"}],"wp:attachment":[{"href":"https:\/\/urologe-in-rosenheim.de\/index.php?rest_route=%2Fwp%2Fv2%2Fmedia&parent=53"}],"curies":[{"name":"wp","href":"https:\/\/api.w.org\/{rel}","templated":true}]}}